{"id":3,"date":"2024-01-19T14:42:40","date_gmt":"2024-01-19T14:42:40","guid":{"rendered":"http:\/\/digdomarketing.se\/?page_id=3"},"modified":"2024-07-02T12:22:28","modified_gmt":"2024-07-02T12:22:28","slug":"integritetspolicy","status":"publish","type":"page","link":"https:\/\/digdo.se\/en\/integritetspolicy\/","title":{"rendered":"Integritetspolicy"},"content":{"rendered":"\t\t<div data-elementor-type=\"wp-page\" data-elementor-id=\"3\" class=\"elementor elementor-3\" data-elementor-post-type=\"page\">\n\t\t\t\t\t\t<section class=\"elementor-section elementor-top-section elementor-element elementor-element-09dfad4 elementor-section-boxed elementor-section-height-default elementor-section-height-default\" data-id=\"09dfad4\" data-element_type=\"section\" data-e-type=\"section\" data-settings=\"{&quot;jet_parallax_layout_list&quot;:[]}\">\n\t\t\t\t\t\t<div class=\"elementor-container elementor-column-gap-default\">\n\t\t\t\t\t<div class=\"elementor-column elementor-col-100 elementor-top-column elementor-element elementor-element-95d3d83\" data-id=\"95d3d83\" data-element_type=\"column\" data-e-type=\"column\">\n\t\t\t<div class=\"elementor-widget-wrap elementor-element-populated\">\n\t\t\t\t\t\t<div class=\"elementor-element elementor-element-689d418 elementor-widget elementor-widget-heading\" data-id=\"689d418\" data-element_type=\"widget\" data-e-type=\"widget\" data-widget_type=\"heading.default\">\n\t\t\t\t<div class=\"elementor-widget-container\">\n\t\t\t\t\t<h1 class=\"elementor-heading-title elementor-size-default\">Integritetspolicy<\/h1>\t\t\t\t<\/div>\n\t\t\t\t<\/div>\n\t\t\t\t<div class=\"elementor-element elementor-element-69bb346 elementor-widget elementor-widget-text-editor\" data-id=\"69bb346\" data-element_type=\"widget\" data-e-type=\"widget\" data-widget_type=\"text-editor.default\">\n\t\t\t\t<div class=\"elementor-widget-container\">\n\t\t\t\t\t\t\t\t\t<p>SEKRETESS<\/p><p>B\u00f6rjar g\u00e4lla: 2024-07-02<\/p><p>Aktualiserad den: 2024-07-02<\/p><p>H\u00e4r beskrivs sekretesspolicyn hos Dig &amp; Do Marketing vid insamling och anv\u00e4ndning av de uppgifter vi f\u00e5r n\u00e4r du g\u00e5r in p\u00e5 https:\/\/digdomarketing.se\/<br \/>(\u201cservicetj\u00e4nsten\u201d). Detta sekretessf\u00f6rfarande beskriver dina integritetsr\u00e4ttigheter och vilket skydd sekretesslagarna ger dig.<\/p><p>Genom att utnyttja v\u00e5ra tj\u00e4nster ger du ditt samtycke till insamling och anv\u00e4ndning av dina uppgifter enligt denna sekretesspolicy. Vi ber dig avst\u00e5 fr\u00e5n<br \/>\u00e5tkomst till eller nyttjande av v\u00e5ra tj\u00e4nster om du inte \u00f6nskar ge ditt samtycke till att dina uppgifter insamlas och anv\u00e4nds enligt beskriven information i v\u00e5r<br \/>sekretesspolicy. Denna sekretesspolicy har skapats med hj\u00e4lp av sekretesspolicygenerator f\u00f6r cookieskript.<\/p><p>Dig &amp; Do Marketing \u00e4r beh\u00f6rigt att modifiera denna sekretesspolicy n\u00e4r som helst. Detta kan ske utan f\u00f6rvarning.<\/p><p>Dig &amp; Do Marketing publicerar sin sekretesspolicy p\u00e5 sin https:\/\/digdomarketing.se\/ webbplats.<\/p><p><br \/>INSAMLING OCH ANV\u00c4NDING AV DINA PERSONLIGA UPPGIFTER<\/p><p>UPPGIFTER SOM VI SAMLAR IN<\/p><p>N\u00e4r du anv\u00e4nder v\u00e5ra digitala tj\u00e4nster blir du ombedd att ange dina personliga uppgifter som vi kan anv\u00e4nda f\u00f6r identifiering eller kontaktupptagande.<br \/>https:\/\/digdomarketing.se\/ inh\u00e4mtar f\u00f6ljande uppgifter:<\/p><p>* Anv\u00e4ndaruppgifter<\/p><p>I anv\u00e4ndaruppgifterna ing\u00e5r f\u00f6ljande:<\/p><p>* IP-address till datorer som bes\u00f6ker hemsidan<br \/>* Beg\u00e4ran om webbsida<br \/>* Beg\u00e4ran om webbsidor<br \/>* Webbl\u00e4sare f\u00f6r att komma till webbsidan<br \/>* Tid och datum f\u00f6r bes\u00f6k<\/p><p>HUR VI SAMLAR IN UPPGIFTER<\/p><p>https:\/\/digdomarketing.se\/ samlar in och tar emot uppgifter fr\u00e5n dig p\u00e5 f\u00f6ljande s\u00e4tt:<\/p><p>* N\u00e4r du anv\u00e4nder v\u00e5ra servicetj\u00e4nster.<\/p><p>Dina uppgifter kommer sparas upp till 30 dag(dagar), efter att du har har sagt upp ditt konto. Dina uppgifter kan h\u00e4ndelsevis beh\u00e5llas l\u00e4ngre f\u00f6r underr\u00e4ttelser<br \/>eller journalf\u00f6ring enligt till\u00e4mplig lagstiftning. Information som inte identifierar dig som person kan sparas i obegr\u00e4nsad tid.<\/p><p>HUR VI ANV\u00c4NDER DINA UPPGIFTER<\/p><p>https:\/\/digdomarketing.se\/ f\u00e5r anv\u00e4nda dina uppgifter f\u00f6r f\u00f6ljande \u00e4ndam\u00e5l:<\/p><p>* Tillhandah\u00e5lla och bedriva v\u00e5ra digitala tj\u00e4nster, samt kontrollera anv\u00e4ndningen av v\u00e5ra service.<\/p><p>HUR VI DELAR UPPGIFTER OM DIG<\/p><p>Dig &amp; Do Marketing kommer tillf\u00e4lligtvis dela dina uppgifter i f\u00f6ljande situationer:<\/p><p>* Vid ditt samtycke. Dig &amp; Do Marketing delar dina uppgifter f\u00f6r godtyckliga \u00e4ndam\u00e5l med ditt uttryckliga medgivande.<\/p><p>DELA VIA TREDJE MAN<\/p><p>Dina uppgifter kan komma att l\u00e4mnas ut f\u00f6r f\u00f6ljande \u00e4ndam\u00e5l:<\/p><p>* F\u00f6r att efterleva till\u00e4mplig lagstiftning, best\u00e4mmelser och domstolsavg\u00f6randen.<br \/>* Vid bearbetning av anm\u00e4lningar om att din anm\u00e4ndning av v\u00e5ra tj\u00e4nster inkr\u00e4ktar p\u00e5 tredje mans r\u00e4ttigheter.<br \/>* Verkst\u00e4lla avtal slutna mellan dig och oss, \u00e4ven betr\u00e4ffande denna sekretesspolicy.<\/p><p>KAKOR<\/p><p>Cookies \u00e4r mindre textfiler som kommer in p\u00e5 din dator fr\u00e5n webbsidor du bes\u00f6ker. Webbsidor anv\u00e4nder cookies f\u00f6r att hj\u00e4lpa anv\u00e4ndarna att uppn\u00e5 effektiva<br \/>s\u00f6kningar och genomf\u00f6ra olika funktioner. Cookies som kr\u00e4vs f\u00f6r att webbsidan ska kunna fungera ordentligt f\u00e5r installeras utan ditt samtycke. \u00d6vriga cookies<br \/>m\u00e5ste f\u00f6rst godk\u00e4nnas innan dom f\u00e5r installeras i webbl\u00e4saren.<\/p><p>* Strikt n\u00f6dv\u00e4ndiga cookies. Strikt n\u00f6dv\u00e4ndiga kakor till\u00e5ter k\u00e4rnwebbplatsfunktioner som anv\u00e4ndarinloggning och kontohantering. Webbplatsen kan inte anv\u00e4ndas<br \/>ordentligt utan strikt n\u00f6dv\u00e4ndiga cookies.<\/p><p>Nedan kan du \u00e4ndra ditt samtycke till anv\u00e4ndning av cookies.<br \/>[Insert the Cookie Declaration table report JavaScript code snippet here]<\/p><p>S\u00c4KERHET<\/p><p>F\u00f6r oss \u00e4r s\u00e4kerheten r\u00f6rande dina personuppgifter viktig. https:\/\/digdomarketing.se\/ till\u00e4mpar omfattande s\u00e4kerhetsm\u00e5tt f\u00f6r att undvika missbruk, f\u00f6rlust eller<br \/>\u00e4ndring av uppgifterna vi erh\u00e5llit fr\u00e5n dig. Men eftersom vi inte helt kan garantera s\u00e4kerheten hos den information du tillhandah\u00e5ller, m\u00e5ste din anv\u00e4ndning av<br \/>v\u00e5ra digitala tj\u00e4nster ske p\u00e5 egen risk.<\/p><p>Dig &amp; Do Marketing ansvarar ej f\u00f6r webbplatser som drivs av tredje man och ej heller f\u00f6r din anv\u00e4ndning av dem. Innan du l\u00e4mnar denna webbplats rekommenderar vi<br \/>dig att kolla upp sekretessf\u00f6rfaranden hos andra webbplatser som du bes\u00f6ker och bed\u00f6ma l\u00e4mpligheten hos dylika f\u00f6rfaranden.<\/p><p>KONTAKTA OSS<\/p><p>Vid fr\u00e5gor \u00e4r du v\u00e4lkommen att kontakta oss p\u00e5 f\u00f6ljande s\u00e4tt:<\/p><p>Namn: Dig &amp; Do Marketing<\/p><p>Adress: Str\u00e4ngn\u00e4sgatan 3, 723 34 V\u00e4ster\u00e5s<\/p><p>E-post: ingrid@digdo.se<\/p><p>Webbplats: https:\/\/digdomarketing.se\/<\/p><p>Telefonnummer: 070-8520755<\/p>\t\t\t\t\t\t\t\t<\/div>\n\t\t\t\t<\/div>\n\t\t\t\t<div class=\"elementor-element elementor-element-b81b6b8 elementor-widget elementor-widget-heading\" data-id=\"b81b6b8\" data-element_type=\"widget\" data-e-type=\"widget\" data-widget_type=\"heading.default\">\n\t\t\t\t<div class=\"elementor-widget-container\">\n\t\t\t\t\t<h3 class=\"elementor-heading-title elementor-size-default\">Cookies<\/h3>\t\t\t\t<\/div>\n\t\t\t\t<\/div>\n\t\t\t\t<div class=\"elementor-element elementor-element-e04449a elementor-widget elementor-widget-html\" data-id=\"e04449a\" data-element_type=\"widget\" data-e-type=\"widget\" data-widget_type=\"html.default\">\n\t\t\t\t<div class=\"elementor-widget-container\">\n\t\t\t\t\t<script type=\"text\/javascript\" charset=\"UTF-8\"  data-cookiescriptreport=\"report\" src=\"\/\/report.cookie-script.com\/r\/6a8b8dc4b8d135f6e833c57c231ce083.js\"><\/script>\t\t\t\t<\/div>\n\t\t\t\t<\/div>\n\t\t\t\t\t<\/div>\n\t\t<\/div>\n\t\t\t\t\t<\/div>\n\t\t<\/section>\n\t\t\t\t<\/div>\n\t\t","protected":false},"excerpt":{"rendered":"<p>Integritetspolicy SEKRETESS B\u00f6rjar g\u00e4lla: 2024-07-02 Aktualiserad den: 2024-07-02 H\u00e4r beskrivs sekretesspolicyn hos Dig &amp; Do Marketing vid insamling och anv\u00e4ndning av de uppgifter vi f\u00e5r n\u00e4r du g\u00e5r in p\u00e5 https:\/\/digdomarketing.se\/(\u201cservicetj\u00e4nsten\u201d). Detta sekretessf\u00f6rfarande beskriver dina integritetsr\u00e4ttigheter och vilket skydd sekretesslagarna ger dig. Genom att utnyttja v\u00e5ra tj\u00e4nster ger du ditt samtycke till insamling och anv\u00e4ndning [&hellip;]<\/p>\n","protected":false},"author":1,"featured_media":0,"parent":0,"menu_order":0,"comment_status":"closed","ping_status":"closed","template":"elementor_header_footer","meta":{"footnotes":""},"class_list":["post-3","page","type-page","status-publish","hentry"],"yoast_head":"<!-- This site is optimized with the Yoast SEO plugin v27.3 - https:\/\/yoast.com\/product\/yoast-seo-wordpress\/ -->\n<title>Integritetspolicy | Dig &amp; Do Marketing<\/title>\n<meta name=\"robots\" content=\"index, follow, max-snippet:-1, max-image-preview:large, max-video-preview:-1\" \/>\n<link rel=\"canonical\" href=\"https:\/\/digdo.se\/en\/integritetspolicy\/\" \/>\n<meta property=\"og:locale\" content=\"en_US\" \/>\n<meta property=\"og:type\" content=\"article\" \/>\n<meta property=\"og:title\" content=\"Integritetspolicy | Dig &amp; Do Marketing\" \/>\n<meta property=\"og:description\" content=\"Integritetspolicy SEKRETESS B\u00f6rjar g\u00e4lla: 2024-07-02 Aktualiserad den: 2024-07-02 H\u00e4r beskrivs sekretesspolicyn hos Dig &amp; Do Marketing vid insamling och anv\u00e4ndning av de uppgifter vi f\u00e5r n\u00e4r du g\u00e5r in p\u00e5 https:\/\/digdomarketing.se\/(\u201cservicetj\u00e4nsten\u201d). Detta sekretessf\u00f6rfarande beskriver dina integritetsr\u00e4ttigheter och vilket skydd sekretesslagarna ger dig. Genom att utnyttja v\u00e5ra tj\u00e4nster ger du ditt samtycke till insamling och anv\u00e4ndning [&hellip;]\" \/>\n<meta property=\"og:url\" content=\"https:\/\/digdo.se\/en\/integritetspolicy\/\" \/>\n<meta property=\"og:site_name\" content=\"Dig &amp; Do Marketing\" \/>\n<meta property=\"article:modified_time\" content=\"2024-07-02T12:22:28+00:00\" \/>\n<meta name=\"twitter:card\" content=\"summary_large_image\" \/>\n<meta name=\"twitter:label1\" content=\"Est. reading time\" \/>\n\t<meta name=\"twitter:data1\" content=\"4 minutes\" \/>\n<script type=\"application\/ld+json\" class=\"yoast-schema-graph\">{\"@context\":\"https:\\\/\\\/schema.org\",\"@graph\":[{\"@type\":\"WebPage\",\"@id\":\"https:\\\/\\\/digdo.se\\\/integritetspolicy\\\/\",\"url\":\"https:\\\/\\\/digdo.se\\\/integritetspolicy\\\/\",\"name\":\"Integritetspolicy | Dig &amp; Do Marketing\",\"isPartOf\":{\"@id\":\"https:\\\/\\\/digdo.se\\\/#website\"},\"datePublished\":\"2024-01-19T14:42:40+00:00\",\"dateModified\":\"2024-07-02T12:22:28+00:00\",\"breadcrumb\":{\"@id\":\"https:\\\/\\\/digdo.se\\\/integritetspolicy\\\/#breadcrumb\"},\"inLanguage\":\"en-US\",\"potentialAction\":[{\"@type\":\"ReadAction\",\"target\":[\"https:\\\/\\\/digdo.se\\\/integritetspolicy\\\/\"]}]},{\"@type\":\"BreadcrumbList\",\"@id\":\"https:\\\/\\\/digdo.se\\\/integritetspolicy\\\/#breadcrumb\",\"itemListElement\":[{\"@type\":\"ListItem\",\"position\":1,\"name\":\"Home\",\"item\":\"https:\\\/\\\/digdo.se\\\/\"},{\"@type\":\"ListItem\",\"position\":2,\"name\":\"Integritetspolicy\"}]},{\"@type\":\"WebSite\",\"@id\":\"https:\\\/\\\/digdo.se\\\/#website\",\"url\":\"https:\\\/\\\/digdo.se\\\/\",\"name\":\"Dig &amp; Do Marketing\",\"description\":\"Copywriter SE + EN \\\/ Marknadsavdelning On Demand\",\"publisher\":{\"@id\":\"https:\\\/\\\/digdo.se\\\/#organization\"},\"potentialAction\":[{\"@type\":\"SearchAction\",\"target\":{\"@type\":\"EntryPoint\",\"urlTemplate\":\"https:\\\/\\\/digdo.se\\\/?s={search_term_string}\"},\"query-input\":{\"@type\":\"PropertyValueSpecification\",\"valueRequired\":true,\"valueName\":\"search_term_string\"}}],\"inLanguage\":\"en-US\"},{\"@type\":\"Organization\",\"@id\":\"https:\\\/\\\/digdo.se\\\/#organization\",\"name\":\"Dig &amp; Do Marketing\",\"url\":\"https:\\\/\\\/digdo.se\\\/\",\"logo\":{\"@type\":\"ImageObject\",\"inLanguage\":\"en-US\",\"@id\":\"https:\\\/\\\/digdo.se\\\/#\\\/schema\\\/logo\\\/image\\\/\",\"url\":\"https:\\\/\\\/digdo.se\\\/wp-content\\\/uploads\\\/2024\\\/02\\\/Dig-Do-Logotyp_Original.png\",\"contentUrl\":\"https:\\\/\\\/digdo.se\\\/wp-content\\\/uploads\\\/2024\\\/02\\\/Dig-Do-Logotyp_Original.png\",\"width\":1500,\"height\":667,\"caption\":\"Dig &amp; Do Marketing\"},\"image\":{\"@id\":\"https:\\\/\\\/digdo.se\\\/#\\\/schema\\\/logo\\\/image\\\/\"}}]}<\/script>\n<!-- \/ Yoast SEO plugin. -->","yoast_head_json":{"title":"Integritetspolicy | Dig &amp; Do Marketing","robots":{"index":"index","follow":"follow","max-snippet":"max-snippet:-1","max-image-preview":"max-image-preview:large","max-video-preview":"max-video-preview:-1"},"canonical":"https:\/\/digdo.se\/en\/integritetspolicy\/","og_locale":"en_US","og_type":"article","og_title":"Integritetspolicy | Dig &amp; Do Marketing","og_description":"Integritetspolicy SEKRETESS B\u00f6rjar g\u00e4lla: 2024-07-02 Aktualiserad den: 2024-07-02 H\u00e4r beskrivs sekretesspolicyn hos Dig &amp; Do Marketing vid insamling och anv\u00e4ndning av de uppgifter vi f\u00e5r n\u00e4r du g\u00e5r in p\u00e5 https:\/\/digdomarketing.se\/(\u201cservicetj\u00e4nsten\u201d). Detta sekretessf\u00f6rfarande beskriver dina integritetsr\u00e4ttigheter och vilket skydd sekretesslagarna ger dig. Genom att utnyttja v\u00e5ra tj\u00e4nster ger du ditt samtycke till insamling och anv\u00e4ndning [&hellip;]","og_url":"https:\/\/digdo.se\/en\/integritetspolicy\/","og_site_name":"Dig &amp; Do Marketing","article_modified_time":"2024-07-02T12:22:28+00:00","twitter_card":"summary_large_image","twitter_misc":{"Est. reading time":"4 minutes"},"schema":{"@context":"https:\/\/schema.org","@graph":[{"@type":"WebPage","@id":"https:\/\/digdo.se\/integritetspolicy\/","url":"https:\/\/digdo.se\/integritetspolicy\/","name":"Integritetspolicy | Dig &amp; Do Marketing","isPartOf":{"@id":"https:\/\/digdo.se\/#website"},"datePublished":"2024-01-19T14:42:40+00:00","dateModified":"2024-07-02T12:22:28+00:00","breadcrumb":{"@id":"https:\/\/digdo.se\/integritetspolicy\/#breadcrumb"},"inLanguage":"en-US","potentialAction":[{"@type":"ReadAction","target":["https:\/\/digdo.se\/integritetspolicy\/"]}]},{"@type":"BreadcrumbList","@id":"https:\/\/digdo.se\/integritetspolicy\/#breadcrumb","itemListElement":[{"@type":"ListItem","position":1,"name":"Home","item":"https:\/\/digdo.se\/"},{"@type":"ListItem","position":2,"name":"Integritetspolicy"}]},{"@type":"WebSite","@id":"https:\/\/digdo.se\/#website","url":"https:\/\/digdo.se\/","name":"Dig &amp; Do Marketing","description":"Copywriter SE + EN \/ Marknadsavdelning On Demand","publisher":{"@id":"https:\/\/digdo.se\/#organization"},"potentialAction":[{"@type":"SearchAction","target":{"@type":"EntryPoint","urlTemplate":"https:\/\/digdo.se\/?s={search_term_string}"},"query-input":{"@type":"PropertyValueSpecification","valueRequired":true,"valueName":"search_term_string"}}],"inLanguage":"en-US"},{"@type":"Organization","@id":"https:\/\/digdo.se\/#organization","name":"Dig &amp; Do Marketing","url":"https:\/\/digdo.se\/","logo":{"@type":"ImageObject","inLanguage":"en-US","@id":"https:\/\/digdo.se\/#\/schema\/logo\/image\/","url":"https:\/\/digdo.se\/wp-content\/uploads\/2024\/02\/Dig-Do-Logotyp_Original.png","contentUrl":"https:\/\/digdo.se\/wp-content\/uploads\/2024\/02\/Dig-Do-Logotyp_Original.png","width":1500,"height":667,"caption":"Dig &amp; Do Marketing"},"image":{"@id":"https:\/\/digdo.se\/#\/schema\/logo\/image\/"}}]}},"_links":{"self":[{"href":"https:\/\/digdo.se\/en\/wp-json\/wp\/v2\/pages\/3","targetHints":{"allow":["GET"]}}],"collection":[{"href":"https:\/\/digdo.se\/en\/wp-json\/wp\/v2\/pages"}],"about":[{"href":"https:\/\/digdo.se\/en\/wp-json\/wp\/v2\/types\/page"}],"author":[{"embeddable":true,"href":"https:\/\/digdo.se\/en\/wp-json\/wp\/v2\/users\/1"}],"replies":[{"embeddable":true,"href":"https:\/\/digdo.se\/en\/wp-json\/wp\/v2\/comments?post=3"}],"version-history":[{"count":15,"href":"https:\/\/digdo.se\/en\/wp-json\/wp\/v2\/pages\/3\/revisions"}],"predecessor-version":[{"id":2599,"href":"https:\/\/digdo.se\/en\/wp-json\/wp\/v2\/pages\/3\/revisions\/2599"}],"wp:attachment":[{"href":"https:\/\/digdo.se\/en\/wp-json\/wp\/v2\/media?parent=3"}],"curies":[{"name":"wp","href":"https:\/\/api.w.org\/{rel}","templated":true}]}}